{"id":626,"date":"2022-06-06T11:26:10","date_gmt":"2022-06-06T10:26:10","guid":{"rendered":"http:\/\/veaeditori.it\/?post_type=product&#038;p=626"},"modified":"2025-11-24T19:25:18","modified_gmt":"2025-11-24T17:25:18","slug":"core-space-first-born-support","status":"publish","type":"product","link":"https:\/\/veaeditori.it\/en\/product\/core-space-first-born-support\/","title":{"rendered":"Core Space First Born Support"},"content":{"rendered":"<p>Alza la posta con questo booster pack di First Born Aggiuntivi. L&#8217;imperioso Liege, l&#8217;iconoclasta incentrato sul combattimento e i droni di pattuglia sono qui per renderti la vita pi\u00f9 difficile! Questi sono perfetti per i partite pi\u00f9 grandi o semplicemente quando vuoi pi\u00f9 sfida, e le nuove Carte Evento le integreranno perfettamente nelle tue missioni.<br \/>\nRichiede il Core Space: First Born Starter Set per giocare, a meno che tu non voglia solo un pacchetto di fantastiche miniature!<\/p>\n<p><strong><u><span>Contenuti<\/span><\/u><\/strong><\/p>\n<ul>\n<li><span>3 Miniature Liege<\/span><\/li>\n<li><span>2 Miniature Iconoclast<\/span><\/li>\n<li><span>4\u00a0 miniature Drone<\/span><\/li>\n<li><span>3\u00a0 Carte evento in Inglese, quelle in Italiano sono comprese nel nostro mazzo tradotto acquistabile separatamente<\/span><\/li>\n<\/ul>\n<p><strong><u>\u00a0<\/u><\/strong><\/p>\n<p><strong><u><span>Informazioni aggiuntive<\/span><\/u><\/strong><\/p>\n<p><strong><span>Codice Prodotto<\/span><\/strong><span>: BSGCSE018<\/span><\/p>\n<p><strong><span>Barcode<\/span><\/strong><span>: 5060660092031<\/span><\/p>\n<p><strong><span>Symbols<\/span><\/strong><span>: 0-3, 14+<\/span><\/p>\n<p><strong><span>Small Print<\/span><\/strong><span>: Questo non \u00e8 un giocattolo. Miniature fornite non dipinte. I contenuti possono variare da quelli sulla confezione. Non adatto a bambini sotto i 36 mesi a causa di piccole parti. Conservare l&#8217;imballaggio per riferimento futuro. Fatto in Cina. Core Space e tutti i personaggi associati, i nomi, i luoghi e le cose sono \u2122 e \u00a9 Battle Systems Ltd 2021.<\/span><\/p>","protected":false},"excerpt":{"rendered":"<p>Core Space First Born Support<\/p>","protected":false},"featured_media":628,"comment_status":"open","ping_status":"closed","template":"","meta":[],"product_brand":[],"product_cat":[90,85,155],"product_tag":[87,63,64,112],"class_list":{"0":"post-626","1":"product","2":"type-product","3":"status-publish","4":"has-post-thumbnail","6":"product_cat-battlesystem","7":"product_cat-corespace","8":"product_cat-espansioni-corespace","9":"product_tag-battle-system","10":"product_tag-core-space","11":"product_tag-first-born","12":"product_tag-first-born-support","13":"product_shipping_class-standard","15":"first","16":"instock","17":"shipping-taxable","18":"purchasable","19":"product-type-simple"},"yoast_head":"<!-- This site is optimized with the Yoast SEO plugin v27.2 - https:\/\/yoast.com\/product\/yoast-seo-wordpress\/ -->\n<title>Core Space First Born Support - VEA Editori<\/title>\n<meta name=\"robots\" content=\"index, follow, max-snippet:-1, max-image-preview:large, max-video-preview:-1\" \/>\n<link rel=\"canonical\" href=\"https:\/\/veaeditori.it\/en\/product\/core-space-first-born-support\/\" \/>\n<meta property=\"og:locale\" content=\"en_GB\" \/>\n<meta property=\"og:type\" content=\"article\" \/>\n<meta property=\"og:title\" content=\"Core Space First Born Support - VEA Editori\" \/>\n<meta property=\"og:description\" content=\"Core Space First Born Support\" \/>\n<meta property=\"og:url\" content=\"https:\/\/veaeditori.it\/en\/product\/core-space-first-born-support\/\" \/>\n<meta property=\"og:site_name\" content=\"VEA Editori\" \/>\n<meta property=\"article:publisher\" content=\"https:\/\/www.facebook.com\/veaspaziominiature\" \/>\n<meta property=\"article:modified_time\" content=\"2025-11-24T17:25:18+00:00\" \/>\n<meta property=\"og:image\" content=\"https:\/\/veaeditori.it\/wp-content\/uploads\/2022\/06\/FB-support-1024x728.png\" \/>\n\t<meta property=\"og:image:width\" content=\"1024\" \/>\n\t<meta property=\"og:image:height\" content=\"728\" \/>\n\t<meta property=\"og:image:type\" content=\"image\/png\" \/>\n<meta name=\"twitter:card\" content=\"summary_large_image\" \/>\n<meta name=\"twitter:label1\" content=\"Estimated reading time\" \/>\n\t<meta name=\"twitter:data1\" content=\"1 minute\" \/>\n<script type=\"application\/ld+json\" class=\"yoast-schema-graph\">{\"@context\":\"https:\/\/schema.org\",\"@graph\":[{\"@type\":\"WebPage\",\"@id\":\"https:\/\/veaeditori.it\/product\/core-space-first-born-support\/\",\"url\":\"https:\/\/veaeditori.it\/product\/core-space-first-born-support\/\",\"name\":\"Core Space First Born Support - VEA Editori\",\"isPartOf\":{\"@id\":\"https:\/\/veaeditori.it\/#website\"},\"primaryImageOfPage\":{\"@id\":\"https:\/\/veaeditori.it\/product\/core-space-first-born-support\/#primaryimage\"},\"image\":{\"@id\":\"https:\/\/veaeditori.it\/product\/core-space-first-born-support\/#primaryimage\"},\"thumbnailUrl\":\"https:\/\/veaeditori.it\/wp-content\/uploads\/2022\/06\/FB-support.png\",\"datePublished\":\"2022-06-06T10:26:10+00:00\",\"dateModified\":\"2025-11-24T17:25:18+00:00\",\"breadcrumb\":{\"@id\":\"https:\/\/veaeditori.it\/product\/core-space-first-born-support\/#breadcrumb\"},\"inLanguage\":\"en-GB\",\"potentialAction\":[{\"@type\":\"ReadAction\",\"target\":[\"https:\/\/veaeditori.it\/product\/core-space-first-born-support\/\"]}]},{\"@type\":\"ImageObject\",\"inLanguage\":\"en-GB\",\"@id\":\"https:\/\/veaeditori.it\/product\/core-space-first-born-support\/#primaryimage\",\"url\":\"https:\/\/veaeditori.it\/wp-content\/uploads\/2022\/06\/FB-support.png\",\"contentUrl\":\"https:\/\/veaeditori.it\/wp-content\/uploads\/2022\/06\/FB-support.png\",\"width\":1910,\"height\":1357},{\"@type\":\"BreadcrumbList\",\"@id\":\"https:\/\/veaeditori.it\/product\/core-space-first-born-support\/#breadcrumb\",\"itemListElement\":[{\"@type\":\"ListItem\",\"position\":1,\"name\":\"Home\",\"item\":\"https:\/\/veaeditori.it\/\"},{\"@type\":\"ListItem\",\"position\":2,\"name\":\"Shop\",\"item\":\"https:\/\/veaeditori.it\/shop\/\"},{\"@type\":\"ListItem\",\"position\":3,\"name\":\"Core Space First Born Support\"}]},{\"@type\":\"WebSite\",\"@id\":\"https:\/\/veaeditori.it\/#website\",\"url\":\"https:\/\/veaeditori.it\/\",\"name\":\"VEA Editori\",\"description\":\"Italian Wargame Publisher\",\"potentialAction\":[{\"@type\":\"SearchAction\",\"target\":{\"@type\":\"EntryPoint\",\"urlTemplate\":\"https:\/\/veaeditori.it\/?s={search_term_string}\"},\"query-input\":{\"@type\":\"PropertyValueSpecification\",\"valueRequired\":true,\"valueName\":\"search_term_string\"}}],\"inLanguage\":\"en-GB\"}]}<\/script>\n<!-- \/ Yoast SEO plugin. -->","yoast_head_json":{"title":"Core Space First Born Support - VEA Editori","robots":{"index":"index","follow":"follow","max-snippet":"max-snippet:-1","max-image-preview":"max-image-preview:large","max-video-preview":"max-video-preview:-1"},"canonical":"https:\/\/veaeditori.it\/en\/product\/core-space-first-born-support\/","og_locale":"en_GB","og_type":"article","og_title":"Core Space First Born Support - VEA Editori","og_description":"Core Space First Born Support","og_url":"https:\/\/veaeditori.it\/en\/product\/core-space-first-born-support\/","og_site_name":"VEA Editori","article_publisher":"https:\/\/www.facebook.com\/veaspaziominiature","article_modified_time":"2025-11-24T17:25:18+00:00","og_image":[{"width":1024,"height":728,"url":"https:\/\/veaeditori.it\/wp-content\/uploads\/2022\/06\/FB-support-1024x728.png","type":"image\/png"}],"twitter_card":"summary_large_image","twitter_misc":{"Estimated reading time":"1 minute"},"schema":{"@context":"https:\/\/schema.org","@graph":[{"@type":"WebPage","@id":"https:\/\/veaeditori.it\/product\/core-space-first-born-support\/","url":"https:\/\/veaeditori.it\/product\/core-space-first-born-support\/","name":"Core Space First Born Support - VEA Editori","isPartOf":{"@id":"https:\/\/veaeditori.it\/#website"},"primaryImageOfPage":{"@id":"https:\/\/veaeditori.it\/product\/core-space-first-born-support\/#primaryimage"},"image":{"@id":"https:\/\/veaeditori.it\/product\/core-space-first-born-support\/#primaryimage"},"thumbnailUrl":"https:\/\/veaeditori.it\/wp-content\/uploads\/2022\/06\/FB-support.png","datePublished":"2022-06-06T10:26:10+00:00","dateModified":"2025-11-24T17:25:18+00:00","breadcrumb":{"@id":"https:\/\/veaeditori.it\/product\/core-space-first-born-support\/#breadcrumb"},"inLanguage":"en-GB","potentialAction":[{"@type":"ReadAction","target":["https:\/\/veaeditori.it\/product\/core-space-first-born-support\/"]}]},{"@type":"ImageObject","inLanguage":"en-GB","@id":"https:\/\/veaeditori.it\/product\/core-space-first-born-support\/#primaryimage","url":"https:\/\/veaeditori.it\/wp-content\/uploads\/2022\/06\/FB-support.png","contentUrl":"https:\/\/veaeditori.it\/wp-content\/uploads\/2022\/06\/FB-support.png","width":1910,"height":1357},{"@type":"BreadcrumbList","@id":"https:\/\/veaeditori.it\/product\/core-space-first-born-support\/#breadcrumb","itemListElement":[{"@type":"ListItem","position":1,"name":"Home","item":"https:\/\/veaeditori.it\/"},{"@type":"ListItem","position":2,"name":"Shop","item":"https:\/\/veaeditori.it\/shop\/"},{"@type":"ListItem","position":3,"name":"Core Space First Born Support"}]},{"@type":"WebSite","@id":"https:\/\/veaeditori.it\/#website","url":"https:\/\/veaeditori.it\/","name":"VEA Editori","description":"Italian Wargame Publisher","potentialAction":[{"@type":"SearchAction","target":{"@type":"EntryPoint","urlTemplate":"https:\/\/veaeditori.it\/?s={search_term_string}"},"query-input":{"@type":"PropertyValueSpecification","valueRequired":true,"valueName":"search_term_string"}}],"inLanguage":"en-GB"}]}},"_links":{"self":[{"href":"https:\/\/veaeditori.it\/en\/wp-json\/wp\/v2\/product\/626","targetHints":{"allow":["GET"]}}],"collection":[{"href":"https:\/\/veaeditori.it\/en\/wp-json\/wp\/v2\/product"}],"about":[{"href":"https:\/\/veaeditori.it\/en\/wp-json\/wp\/v2\/types\/product"}],"replies":[{"embeddable":true,"href":"https:\/\/veaeditori.it\/en\/wp-json\/wp\/v2\/comments?post=626"}],"wp:featuredmedia":[{"embeddable":true,"href":"https:\/\/veaeditori.it\/en\/wp-json\/wp\/v2\/media\/628"}],"wp:attachment":[{"href":"https:\/\/veaeditori.it\/en\/wp-json\/wp\/v2\/media?parent=626"}],"wp:term":[{"taxonomy":"product_brand","embeddable":true,"href":"https:\/\/veaeditori.it\/en\/wp-json\/wp\/v2\/product_brand?post=626"},{"taxonomy":"product_cat","embeddable":true,"href":"https:\/\/veaeditori.it\/en\/wp-json\/wp\/v2\/product_cat?post=626"},{"taxonomy":"product_tag","embeddable":true,"href":"https:\/\/veaeditori.it\/en\/wp-json\/wp\/v2\/product_tag?post=626"}],"curies":[{"name":"wp","href":"https:\/\/api.w.org\/{rel}","templated":true}]}}