{"id":994,"date":"2022-11-14T09:23:34","date_gmt":"2022-11-14T08:23:34","guid":{"rendered":"http:\/\/veaeditori.it\/?post_type=product&#038;p=994"},"modified":"2025-03-18T23:29:22","modified_gmt":"2025-03-18T21:29:22","slug":"altar-of-the-dead-gods-regolamento-italiano","status":"publish","type":"product","link":"https:\/\/veaeditori.it\/en\/product\/altar-of-the-dead-gods-regolamento-italiano\/","title":{"rendered":"Altar of the Dead Gods Regolamento Italiano"},"content":{"rendered":"<p>Altar of the Dead Gods non una nostra produzione ma assolutamente una chicca da provare!<\/p>\n<p>Altar of the Dead Gods \u00e8 un gioco di miniature indipendente ispirato ad H.P. Lovecraft e realizzato da Paolo Boracchi e Michele Finelli: pubblicato nel 2021, \u00e8 tradotto nel 2022 in lingua italiana.<\/p>\n<p>I giocatori si affronteranno nelle profondit\u00e0 di un misterioso tempio sotterraneo per guadagnarsi il favore degli Antichi Dei.<\/p>\n<p>\u00c8 uno skirmish, per 2 giocatori, che prevede l\u2019uso di 7 modelli per giocatore, partite di circa 40 minuti; si possono usare le miniature che preferite basandosi sulle bande all\u2019interno del libro.<\/p>\n<p>Le partite si svolgono su una plancia a scacchiera, la linea di vista \u00e8 importante, infatti, i modelli possono pugnalare alle spalle gli avversari. Durante una partita si potranno raccogliere antiche reliquie, celebrare riti oscuri all\u2019altare delle Divinit\u00e0 Sepolte e massacrare gli avversari in combattimento!<\/p>\n<p>L\u2019ambientazione di Altar of the Dead Gods si ispira fortemente all\u2019opera di H.P. lovecraft, in particolare al racconto Il caso di Charles Dexter Ward ed a videogiochi straordinari come Bloodborne e Darkest Dungeon.<\/p>\n<p>Le regole sono intuitive e leggere, con partite veloci, cinematiche ed interattive. Si fa uso dell\u2019attivazioni alternate e si incentiva i giocatori a scelte strategiche sul campo.<\/p>\n<p>Il gioco su plancia consente di gestire molto agilmente il movimento, e il combattimento sfrutta una meccanica di accoppiamento dei dadi.<\/p>\n<p>Le 6 fazioni presenti sono pensate per avere ruoli ben distinti e sfruttare in maniera originale le meccaniche centrali del gioco quali il controllo del campo o l\u2019applicazione di status. Ognuno di voi trover\u00e0 sicuramente uno stile di gioco che pi\u00f9 gli si adatta tra le innumerevoli possibilit\u00e0<\/p>\n<p>Le fazioni sono personalizzabili con vari \u201ctratti\u201d che ne variano lo stile di gioco, e sfruttano un sistema \u201ca slot\u201d per scegliere o combinare diverse opzioni.<\/p>\n<p>In un 1700 alternativo, viene scoperto un gigantesco tempio sotterraneo, avrai il coraggio di entrare e scoprire cosa ti attende al suo interno?<\/p>\n<p>Intervista con l&#8217;autore al Milano Wargames 2021:<\/p>\n<p><iframe loading=\"lazy\" title=\"Altar of the Dead Gods Intervista con Paolo Boracchi a Milano Wargames 2021\" width=\"1020\" height=\"574\" src=\"https:\/\/www.youtube.com\/embed\/mbvTSqccemc?feature=oembed\" frameborder=\"0\" allow=\"accelerometer; autoplay; clipboard-write; encrypted-media; gyroscope; picture-in-picture; web-share\" referrerpolicy=\"strict-origin-when-cross-origin\" allowfullscreen><\/iframe><\/p>\n<p>Tutorial dettagliato del gioco:<\/p>\n<p><iframe loading=\"lazy\" title=\"how to play - ALTAR OF THE DEAD GODS [ITA, SUB ENG]\" width=\"1020\" height=\"574\" src=\"https:\/\/www.youtube.com\/embed\/MHGGVsyifEg?feature=oembed\" frameborder=\"0\" allow=\"accelerometer; autoplay; clipboard-write; encrypted-media; gyroscope; picture-in-picture; web-share\" referrerpolicy=\"strict-origin-when-cross-origin\" allowfullscreen><\/iframe><\/p>\n<p>&nbsp;<\/p>\n","protected":false},"excerpt":{"rendered":"<p>Altar of the Dead God Gioco Skirmish In Italiano<\/p>","protected":false},"featured_media":995,"comment_status":"open","ping_status":"closed","template":"","meta":[],"product_brand":[],"product_cat":[130,78],"product_tag":[131],"class_list":{"0":"post-994","1":"product","2":"type-product","3":"status-publish","4":"has-post-thumbnail","6":"product_cat-horror","7":"product_cat-regolamenti","8":"product_tag-altar-of-the-dead-gods","9":"product_shipping_class-spedizionefree","11":"first","12":"outofstock","13":"shipping-taxable","14":"purchasable","15":"product-type-simple"},"yoast_head":"<!-- This site is optimized with the Yoast SEO plugin v27.3 - https:\/\/yoast.com\/product\/yoast-seo-wordpress\/ -->\n<title>Altar of the Dead Gods Regolamento Italiano - VEA Editori<\/title>\n<meta name=\"description\" content=\"Altar of the Dead Gods Regolamento Italiano gioco skirmish Fantasy horror scritto da Paolo Boracchi, Grafica di Michele Finelli\" \/>\n<meta name=\"robots\" content=\"index, follow, max-snippet:-1, max-image-preview:large, max-video-preview:-1\" \/>\n<link rel=\"canonical\" href=\"https:\/\/veaeditori.it\/en\/product\/altar-of-the-dead-gods-regolamento-italiano\/\" \/>\n<meta property=\"og:locale\" content=\"en_GB\" \/>\n<meta property=\"og:type\" content=\"article\" \/>\n<meta property=\"og:title\" content=\"Altar of the Dead Gods Regolamento Italiano - VEA Editori\" \/>\n<meta property=\"og:description\" content=\"Altar of the Dead Gods Regolamento Italiano gioco skirmish Fantasy horror scritto da Paolo Boracchi, Grafica di Michele Finelli\" \/>\n<meta property=\"og:url\" content=\"https:\/\/veaeditori.it\/en\/product\/altar-of-the-dead-gods-regolamento-italiano\/\" \/>\n<meta property=\"og:site_name\" content=\"VEA Editori\" \/>\n<meta property=\"article:publisher\" content=\"https:\/\/www.facebook.com\/veaspaziominiature\" \/>\n<meta property=\"article:modified_time\" content=\"2025-03-18T21:29:22+00:00\" \/>\n<meta property=\"og:image\" content=\"https:\/\/veaeditori.it\/wp-content\/uploads\/2022\/11\/20221108_123951-scaled.jpg\" \/>\n\t<meta property=\"og:image:width\" content=\"1440\" \/>\n\t<meta property=\"og:image:height\" content=\"2560\" \/>\n\t<meta property=\"og:image:type\" content=\"image\/jpeg\" \/>\n<meta name=\"twitter:card\" content=\"summary_large_image\" \/>\n<meta name=\"twitter:label1\" content=\"Estimated reading time\" \/>\n\t<meta name=\"twitter:data1\" content=\"2 minutes\" \/>\n<script type=\"application\/ld+json\" class=\"yoast-schema-graph\">{\"@context\":\"https:\\\/\\\/schema.org\",\"@graph\":[{\"@type\":\"WebPage\",\"@id\":\"https:\\\/\\\/veaeditori.it\\\/product\\\/altar-of-the-dead-gods-regolamento-italiano\\\/\",\"url\":\"https:\\\/\\\/veaeditori.it\\\/product\\\/altar-of-the-dead-gods-regolamento-italiano\\\/\",\"name\":\"Altar of the Dead Gods Regolamento Italiano - VEA Editori\",\"isPartOf\":{\"@id\":\"https:\\\/\\\/veaeditori.it\\\/#website\"},\"primaryImageOfPage\":{\"@id\":\"https:\\\/\\\/veaeditori.it\\\/product\\\/altar-of-the-dead-gods-regolamento-italiano\\\/#primaryimage\"},\"image\":{\"@id\":\"https:\\\/\\\/veaeditori.it\\\/product\\\/altar-of-the-dead-gods-regolamento-italiano\\\/#primaryimage\"},\"thumbnailUrl\":\"https:\\\/\\\/veaeditori.it\\\/wp-content\\\/uploads\\\/2022\\\/11\\\/20221108_123951-scaled.jpg\",\"datePublished\":\"2022-11-14T08:23:34+00:00\",\"dateModified\":\"2025-03-18T21:29:22+00:00\",\"description\":\"Altar of the Dead Gods Regolamento Italiano gioco skirmish Fantasy horror scritto da Paolo Boracchi, Grafica di Michele Finelli\",\"breadcrumb\":{\"@id\":\"https:\\\/\\\/veaeditori.it\\\/product\\\/altar-of-the-dead-gods-regolamento-italiano\\\/#breadcrumb\"},\"inLanguage\":\"en-GB\",\"potentialAction\":[{\"@type\":\"ReadAction\",\"target\":[\"https:\\\/\\\/veaeditori.it\\\/product\\\/altar-of-the-dead-gods-regolamento-italiano\\\/\"]}]},{\"@type\":\"ImageObject\",\"inLanguage\":\"en-GB\",\"@id\":\"https:\\\/\\\/veaeditori.it\\\/product\\\/altar-of-the-dead-gods-regolamento-italiano\\\/#primaryimage\",\"url\":\"https:\\\/\\\/veaeditori.it\\\/wp-content\\\/uploads\\\/2022\\\/11\\\/20221108_123951-scaled.jpg\",\"contentUrl\":\"https:\\\/\\\/veaeditori.it\\\/wp-content\\\/uploads\\\/2022\\\/11\\\/20221108_123951-scaled.jpg\",\"width\":1440,\"height\":2560,\"caption\":\"Altar of the dead gods Italiano\"},{\"@type\":\"BreadcrumbList\",\"@id\":\"https:\\\/\\\/veaeditori.it\\\/product\\\/altar-of-the-dead-gods-regolamento-italiano\\\/#breadcrumb\",\"itemListElement\":[{\"@type\":\"ListItem\",\"position\":1,\"name\":\"Home\",\"item\":\"https:\\\/\\\/veaeditori.it\\\/\"},{\"@type\":\"ListItem\",\"position\":2,\"name\":\"Shop\",\"item\":\"https:\\\/\\\/veaeditori.it\\\/shop\\\/\"},{\"@type\":\"ListItem\",\"position\":3,\"name\":\"Altar of the Dead Gods Regolamento Italiano\"}]},{\"@type\":\"WebSite\",\"@id\":\"https:\\\/\\\/veaeditori.it\\\/#website\",\"url\":\"https:\\\/\\\/veaeditori.it\\\/\",\"name\":\"VEA Editori\",\"description\":\"Italian Wargame Publisher\",\"potentialAction\":[{\"@type\":\"SearchAction\",\"target\":{\"@type\":\"EntryPoint\",\"urlTemplate\":\"https:\\\/\\\/veaeditori.it\\\/?s={search_term_string}\"},\"query-input\":{\"@type\":\"PropertyValueSpecification\",\"valueRequired\":true,\"valueName\":\"search_term_string\"}}],\"inLanguage\":\"en-GB\"}]}<\/script>\n<!-- \/ Yoast SEO plugin. -->","yoast_head_json":{"title":"Altar of the Dead Gods Regolamento Italiano - VEA Editori","description":"Altar of the Dead Gods Regolamento Italiano gioco skirmish Fantasy horror scritto da Paolo Boracchi, Grafica di Michele Finelli","robots":{"index":"index","follow":"follow","max-snippet":"max-snippet:-1","max-image-preview":"max-image-preview:large","max-video-preview":"max-video-preview:-1"},"canonical":"https:\/\/veaeditori.it\/en\/product\/altar-of-the-dead-gods-regolamento-italiano\/","og_locale":"en_GB","og_type":"article","og_title":"Altar of the Dead Gods Regolamento Italiano - VEA Editori","og_description":"Altar of the Dead Gods Regolamento Italiano gioco skirmish Fantasy horror scritto da Paolo Boracchi, Grafica di Michele Finelli","og_url":"https:\/\/veaeditori.it\/en\/product\/altar-of-the-dead-gods-regolamento-italiano\/","og_site_name":"VEA Editori","article_publisher":"https:\/\/www.facebook.com\/veaspaziominiature","article_modified_time":"2025-03-18T21:29:22+00:00","og_image":[{"width":1440,"height":2560,"url":"https:\/\/veaeditori.it\/wp-content\/uploads\/2022\/11\/20221108_123951-scaled.jpg","type":"image\/jpeg"}],"twitter_card":"summary_large_image","twitter_misc":{"Estimated reading time":"2 minutes"},"schema":{"@context":"https:\/\/schema.org","@graph":[{"@type":"WebPage","@id":"https:\/\/veaeditori.it\/product\/altar-of-the-dead-gods-regolamento-italiano\/","url":"https:\/\/veaeditori.it\/product\/altar-of-the-dead-gods-regolamento-italiano\/","name":"Altar of the Dead Gods Regolamento Italiano - VEA Editori","isPartOf":{"@id":"https:\/\/veaeditori.it\/#website"},"primaryImageOfPage":{"@id":"https:\/\/veaeditori.it\/product\/altar-of-the-dead-gods-regolamento-italiano\/#primaryimage"},"image":{"@id":"https:\/\/veaeditori.it\/product\/altar-of-the-dead-gods-regolamento-italiano\/#primaryimage"},"thumbnailUrl":"https:\/\/veaeditori.it\/wp-content\/uploads\/2022\/11\/20221108_123951-scaled.jpg","datePublished":"2022-11-14T08:23:34+00:00","dateModified":"2025-03-18T21:29:22+00:00","description":"Altar of the Dead Gods Regolamento Italiano gioco skirmish Fantasy horror scritto da Paolo Boracchi, Grafica di Michele Finelli","breadcrumb":{"@id":"https:\/\/veaeditori.it\/product\/altar-of-the-dead-gods-regolamento-italiano\/#breadcrumb"},"inLanguage":"en-GB","potentialAction":[{"@type":"ReadAction","target":["https:\/\/veaeditori.it\/product\/altar-of-the-dead-gods-regolamento-italiano\/"]}]},{"@type":"ImageObject","inLanguage":"en-GB","@id":"https:\/\/veaeditori.it\/product\/altar-of-the-dead-gods-regolamento-italiano\/#primaryimage","url":"https:\/\/veaeditori.it\/wp-content\/uploads\/2022\/11\/20221108_123951-scaled.jpg","contentUrl":"https:\/\/veaeditori.it\/wp-content\/uploads\/2022\/11\/20221108_123951-scaled.jpg","width":1440,"height":2560,"caption":"Altar of the dead gods Italiano"},{"@type":"BreadcrumbList","@id":"https:\/\/veaeditori.it\/product\/altar-of-the-dead-gods-regolamento-italiano\/#breadcrumb","itemListElement":[{"@type":"ListItem","position":1,"name":"Home","item":"https:\/\/veaeditori.it\/"},{"@type":"ListItem","position":2,"name":"Shop","item":"https:\/\/veaeditori.it\/shop\/"},{"@type":"ListItem","position":3,"name":"Altar of the Dead Gods Regolamento Italiano"}]},{"@type":"WebSite","@id":"https:\/\/veaeditori.it\/#website","url":"https:\/\/veaeditori.it\/","name":"VEA Editori","description":"Italian Wargame Publisher","potentialAction":[{"@type":"SearchAction","target":{"@type":"EntryPoint","urlTemplate":"https:\/\/veaeditori.it\/?s={search_term_string}"},"query-input":{"@type":"PropertyValueSpecification","valueRequired":true,"valueName":"search_term_string"}}],"inLanguage":"en-GB"}]}},"_links":{"self":[{"href":"https:\/\/veaeditori.it\/en\/wp-json\/wp\/v2\/product\/994","targetHints":{"allow":["GET"]}}],"collection":[{"href":"https:\/\/veaeditori.it\/en\/wp-json\/wp\/v2\/product"}],"about":[{"href":"https:\/\/veaeditori.it\/en\/wp-json\/wp\/v2\/types\/product"}],"replies":[{"embeddable":true,"href":"https:\/\/veaeditori.it\/en\/wp-json\/wp\/v2\/comments?post=994"}],"wp:featuredmedia":[{"embeddable":true,"href":"https:\/\/veaeditori.it\/en\/wp-json\/wp\/v2\/media\/995"}],"wp:attachment":[{"href":"https:\/\/veaeditori.it\/en\/wp-json\/wp\/v2\/media?parent=994"}],"wp:term":[{"taxonomy":"product_brand","embeddable":true,"href":"https:\/\/veaeditori.it\/en\/wp-json\/wp\/v2\/product_brand?post=994"},{"taxonomy":"product_cat","embeddable":true,"href":"https:\/\/veaeditori.it\/en\/wp-json\/wp\/v2\/product_cat?post=994"},{"taxonomy":"product_tag","embeddable":true,"href":"https:\/\/veaeditori.it\/en\/wp-json\/wp\/v2\/product_tag?post=994"}],"curies":[{"name":"wp","href":"https:\/\/api.w.org\/{rel}","templated":true}]}}